{"id":16,"date":"2013-10-10T14:17:59","date_gmt":"2013-10-10T12:17:59","guid":{"rendered":"http:\/\/dev.lemu.ch\/mundwerk\/?page_id=16"},"modified":"2022-08-31T23:25:50","modified_gmt":"2022-08-31T21:25:50","slug":"home","status":"publish","type":"page","link":"https:\/\/mw-club.ch\/en\/","title":{"rendered":"Home"},"content":{"rendered":"<h1><a title=\"Events\" href=\"http:\/\/mw-club.ch\/en\/events\/\"><span style=\"color: #00ccff;\">Events<\/span><\/a><\/h1>\n\n  <div class=\"home-post\">\n    <div class=\"home-width fixed\">\n      <div class=\"event-archive\">       \n        <div class=\"event-arc-data\">\n          <div class=\"event-arc-day\">11<\/div>\n          <div class=\"event-arc-month\">Apr<\/div>\n        <\/div><!-- end .event-arc-data -->                \n        <div class=\"event-arc-cover\">\n          <a href=\"https:\/\/mw-club.ch\/en\/event\/basswerk\/\">\n            <img decoding=\"async\" src=\"https:\/\/mw-club.ch\/wp-content\/uploads\/2026\/03\/Website-83x166.jpg\" alt=\"Basswerk\" \/>\n          <\/a>                \n        <\/div><!-- end .event-arc-cover -->\n        <div class=\"event-arc-text\">\n          <h2 class=\"event-arc-title\"><a href=\"https:\/\/mw-club.ch\/en\/event\/basswerk\/\">Basswerk<\/a><\/h2>\n          <div class=\"event-arc-info\"><p class=\"event-arc-venue\">Mundwerk Kulturbiotop<\/p><p class=\"event-arc-time\">20:00 \u2013 02:00<\/p>\n          <\/div><!-- end .event-arc-info --><p> Preis: 15\/20.- T\u00fcr\u00f6ffnung: 19:30 Shows: 20:00 Hier gehts zum Vorverkauf: eventfrog Nach Jahren kehrt Dubstep endlich zur\u00fcck ins Mundwerk. Dank einem Line-Up  ...<\/p>\n                        <div class=\"event-tickets\"><a href=\"\" target=\"_blank\">Buy Tickets<\/a><\/div>\n        <\/div><!-- end .event-arc-text -->\n      <\/div><!-- end .event-archive -->\n    <\/div><!-- end .home-width fixed -->\n    <div class=\"home-width fixed\">\n      <div class=\"event-archive\">       \n        <div class=\"event-arc-data\">\n          <div class=\"event-arc-day\">18<\/div>\n          <div class=\"event-arc-month\">Apr<\/div>\n        <\/div><!-- end .event-arc-data -->                \n        <div class=\"event-arc-cover\">\n          <a href=\"https:\/\/mw-club.ch\/en\/event\/rocknpop-night-4\/\">\n            <img decoding=\"async\" src=\"https:\/\/mw-club.ch\/wp-content\/uploads\/2025\/12\/website-3-83x166.png\" alt=\"Rock&#8217;n&#8217;Pop Night\" \/>\n          <\/a>                \n        <\/div><!-- end .event-arc-cover -->\n        <div class=\"event-arc-text\">\n          <h2 class=\"event-arc-title\"><a href=\"https:\/\/mw-club.ch\/en\/event\/rocknpop-night-4\/\">Rock&#8217;n&#8217;Pop Night<\/a><\/h2>\n          <div class=\"event-arc-info\"><p class=\"event-arc-venue\">Mundwerk Kulturbiotop<\/p><p class=\"event-arc-time\">20:00 \u2013 00:00<\/p>\n          <\/div><!-- end .event-arc-info --><p> Preis: 15\/20.- T\u00fcr\u00f6ffnung: 20:00 Shows: 20:30 Hier gehts zum Vorverkauf: eventfrog d\u00e9j\u00e0vu\u00a0\/\u00a0YOUTH In den letzten Jahren entwickelte sich d\u00e9j\u00e0vu zu einer Band,  ...<\/p>\n                        <div class=\"event-tickets\"><a href=\"\" target=\"_blank\">Buy Tickets<\/a><\/div>\n        <\/div><!-- end .event-arc-text -->\n      <\/div><!-- end .event-archive -->\n    <\/div><!-- end .home-width fixed -->\n    <div class=\"home-width fixed\">\n      <div class=\"event-archive\">       \n        <div class=\"event-arc-data\">\n          <div class=\"event-arc-day\">02<\/div>\n          <div class=\"event-arc-month\">Mai<\/div>\n        <\/div><!-- end .event-arc-data -->                \n        <div class=\"event-arc-cover\">\n          <a href=\"https:\/\/mw-club.ch\/en\/event\/open-jam-session-24\/\">\n            <img decoding=\"async\" src=\"https:\/\/mw-club.ch\/wp-content\/uploads\/2025\/08\/Jam_Allgemein-83x166.png\" alt=\"Open Jam Session\" \/>\n          <\/a>                \n        <\/div><!-- end .event-arc-cover -->\n        <div class=\"event-arc-text\">\n          <h2 class=\"event-arc-title\"><a href=\"https:\/\/mw-club.ch\/en\/event\/open-jam-session-24\/\">Open Jam Session<\/a><\/h2>\n          <div class=\"event-arc-info\"><p class=\"event-arc-venue\">Mundwerk Kulturbiotop<\/p><p class=\"event-arc-time\">20:00 \u2013 02:00<\/p>\n          <\/div><!-- end .event-arc-info --><p> The open jam session is back on! \"Go With It \/ Jam \/ It Ain't Too Much Stuff \/ It Ain't Too Much \/ It Ain't Too Much For Me To \/ Jam \/ It Ain't Too Much ...<\/p>\n                        <div class=\"event-tickets\"><a href=\"\" target=\"_blank\">Buy Tickets<\/a><\/div>\n        <\/div><!-- end .event-arc-text -->\n      <\/div><!-- end .event-archive -->\n    <\/div><!-- end .home-width fixed -->\n  <\/div><!-- end .home-post -->\n<h1><a title=\"News\" href=\"http:\/\/mw-club.ch\/en\/news\/\"><span style=\"color: #00ccff;\">News<\/span><\/a><\/h1>\n\n  <div class=\"home-post\">\n    <div class=\"home-width fixed\">\n      <div class=\"blog-home\">\n        <h2 class=\"event-arc-title\"><a href=\"https:\/\/mw-club.ch\/en\/ska-night\/\">SKA! Night<\/a><\/h2>\n        <div class=\"blog-home-info\">\n          <p class=\"blog-user\">Sven<\/p> \n          <p class=\"blog-date\">April 13th, 2024<\/p> \n          <p class=\"blog-comment\"><a href=\"https:\/\/mw-club.ch\/en\/ska-night\/#respond\">0 Comments<\/a><\/p> \n        <\/div><!-- end .blog-home-info -->\n        <p> Heute stehen bei uns The Falling Dice aus Z\u00fcrich und Stop the Presses aus Brooklyn, NY auf der B\u00fchne und heizen uns mit ihrer Musik ein\ud83e\udd73\ud83c\udf89Hier ein kleiner  ...<\/p>\n        <div class=\"blog-arc-more\"><a href=\"https:\/\/mw-club.ch\/en\/ska-night\/\" rel=\"bookmark\">Read more<\/a><\/div>\n      <\/div><!-- end .blog-home -->                   \n    <\/div><!-- end .home-width fixed -->\n    <div class=\"home-width fixed\">\n      <div class=\"blog-home\">\n        <h2 class=\"event-arc-title\"><a href=\"https:\/\/mw-club.ch\/en\/saisonstart-2022-23\/\">2022\/23 season start<\/a><\/h2>\n        <div class=\"blog-home-info\">\n          <p class=\"blog-user\">theo<\/p> \n          <p class=\"blog-date\">August 31st, 2022<\/p> \n          <p class=\"blog-comment\"><a href=\"https:\/\/mw-club.ch\/en\/saisonstart-2022-23\/#respond\">0 Comments<\/a><\/p> \n        <\/div><!-- end .blog-home-info -->\n        <p>This Saturday it starts! The season 2022\/23 begins with a wonderful jam!Also included is our new bar menu! See you then!<\/p>\n        <div class=\"blog-arc-more\"><a href=\"https:\/\/mw-club.ch\/en\/saisonstart-2022-23\/\" rel=\"bookmark\">Read more<\/a><\/div>\n      <\/div><!-- end .blog-home -->                   \n    <\/div><!-- end .home-width fixed -->\n    <div class=\"home-width fixed\">\n      <div class=\"blog-home\">\n        <h2 class=\"event-arc-title\"><a href=\"https:\/\/mw-club.ch\/en\/end-of-year-whatever\/\">End of the year<\/a><\/h2>\n        <div class=\"blog-home-info\">\n          <p class=\"blog-user\">theo<\/p> \n          <p class=\"blog-date\">November 8th, 2021<\/p> \n          <p class=\"blog-comment\"><a href=\"https:\/\/mw-club.ch\/en\/end-of-year-whatever\/#respond\">0 Comments<\/a><\/p> \n        <\/div><!-- end .blog-home-info -->\n        <p> The end of the year is approaching. And yes, we will still be around in 2022. But maybe you want to spend some more time in the Mundwerk to escape the pre-Christmas stress. 2 Jam ...<\/p>\n        <div class=\"blog-arc-more\"><a href=\"https:\/\/mw-club.ch\/en\/end-of-year-whatever\/\" rel=\"bookmark\">Read more<\/a><\/div>\n      <\/div><!-- end .blog-home -->                   \n    <\/div><!-- end .home-width fixed -->\n  <\/div><!-- end .home-post -->","protected":false},"excerpt":{"rendered":"<p>Events News<\/p>","protected":false},"author":2,"featured_media":0,"parent":0,"menu_order":0,"comment_status":"open","ping_status":"open","template":"","meta":{"footnotes":""},"class_list":["post-16","page","type-page","status-publish","hentry"],"_links":{"self":[{"href":"https:\/\/mw-club.ch\/en\/wp-json\/wp\/v2\/pages\/16","targetHints":{"allow":["GET"]}}],"collection":[{"href":"https:\/\/mw-club.ch\/en\/wp-json\/wp\/v2\/pages"}],"about":[{"href":"https:\/\/mw-club.ch\/en\/wp-json\/wp\/v2\/types\/page"}],"author":[{"embeddable":true,"href":"https:\/\/mw-club.ch\/en\/wp-json\/wp\/v2\/users\/2"}],"replies":[{"embeddable":true,"href":"https:\/\/mw-club.ch\/en\/wp-json\/wp\/v2\/comments?post=16"}],"version-history":[{"count":32,"href":"https:\/\/mw-club.ch\/en\/wp-json\/wp\/v2\/pages\/16\/revisions"}],"predecessor-version":[{"id":1945,"href":"https:\/\/mw-club.ch\/en\/wp-json\/wp\/v2\/pages\/16\/revisions\/1945"}],"wp:attachment":[{"href":"https:\/\/mw-club.ch\/en\/wp-json\/wp\/v2\/media?parent=16"}],"curies":[{"name":"wp","href":"https:\/\/api.w.org\/{rel}","templated":true}]}}