{"id":573,"date":"2016-02-28T03:17:22","date_gmt":"2016-02-28T02:17:22","guid":{"rendered":"http:\/\/mw-club.ch\/?page_id=573"},"modified":"2024-12-27T14:18:32","modified_gmt":"2024-12-27T12:18:32","slug":"verein-kulturbiotop","status":"publish","type":"page","link":"https:\/\/mw-club.ch\/de_de\/verein-kulturbiotop\/","title":{"rendered":"Verein Kulturbiotop"},"content":{"rendered":"<h1><strong>Chum verbi!<\/strong><\/h1>\n<h2><strong> Jeden ersten Montag des Monates ab 19:30 ist offene Vereinsitzung!<\/strong><\/h2>\n<h1>\u00dcber uns<\/h1>\n<p class=\"Textbody\">Der Verein Kulturbiotop ist der kleine L\u00f6wenzahn, der in der Betonw\u00fcste Z\u00fcrich-Nord bl\u00fcht. Wir planen und veranstalten Konzerte und Events im Mundwerk, dies komplett ehrenamtlich. Kleine bis mittelgrosse K\u00fcnstler treten bei uns auf einer kleinen, alternativen B\u00fchne vor musikinteressiertem Publikum auf.<\/p>\n<p class=\"Textbody\">Unsere Mitglieder_innen und Helfer_innen veranstalten <b>miteinander<\/b> Anl\u00e4sse wie Jams, Konzerte und (MarioKart-)Partys. Einmal im Monat treffen wir uns, um unsere Schichten aufzuteilen. Jeder kann sich an verschiedenen Bereichen ausprobieren: Ob als Barkeeper an den Zapfh\u00e4hnen, als sympathische_r Begleiter_in der K\u00fcnstlerinnen im Backstage, als erster Eindruck am Eingang, als Techniker_in am Ton- oder Lichtpult oder um zu dekorieren, fotografieren, einrichten und klar Schiff zu machen.<\/p>\n<p class=\"Textbody\">Jeder tr\u00e4gt sein eigenes Wissen bei und kann vorhandenes nutzen. So schaffen wir eine Atmosph\u00e4re, in der wir <b>voneinander<\/b> profitieren.<\/p>\n<p class=\"Textbody\">Wir sind <b>f\u00fcreinander<\/b> da, ob f\u00fcr Partys, Umzugshilfe oder tiefe Gespr\u00e4che am fr\u00fchen Morgen. Als Mitglieder_in kannst du den Raum auch ausserhalb des Betriebes gebrauchen.<\/p>\n<p class=\"Textbody\">Wenn du dich unserem uneinheitlichen Team anschliessen willst, dann schreib uns an <a href=\"&#x6d;&#x61;&#x69;&#108;&#116;o:&#x68;&#x65;&#x6c;&#x66;&#101;&#114;&#64;k&#x75;&#x6c;&#x74;&#117;&#114;&#98;io&#x74;&#x6f;&#x70;&#46;&#99;h\">&#104;&#101;&#x6c;f&#101;&#x72;&#x40;k&#117;&#x6c;&#x74;u&#114;&#x62;&#x69;o&#116;&#x6f;&#x70;&#46;&#99;&#x68;<\/a><\/p>\n<p class=\"Textbody\">Der Vorstand des Vereins Kulturbiotop besteht aus folgenden Personen: <strong>Corinne Studer<\/strong> f\u00fcr die Helferplanung, <strong>Vanessa Battilana<\/strong><strong>\u00a0<\/strong>f\u00fcr das Booking , <b>Kay B\u00f6hringer<\/b> ist f\u00fcr den Bereich Bar, <b>Kevin Cina<\/b> f\u00fcr die Finanzen, <strong>Theo Tr\u00fcmpy<\/strong> f\u00fcr die Technik.<\/p>\n<p class=\"Textbody\">Als zus\u00e4tzliches, vom Vorstand eingesetztes Organ gew\u00e4hrleistet der Betriebsrat den t\u00e4glichen Betrieb des Vereinslokals, dem Mundwerk. Jede*r Anwesende*r pr\u00e4gt den Betriebsrat mit. Alle Vereinsmitglieder sind bei anwesenheit automatisch Mitglieder des Betriebsrats.<\/p>\n<p>Booking, Getr\u00e4nkebestellungen, Flyerdesign, Technik, Reinigung wird vom Betriebsrat organisiert.<\/p>\n<p>Die Mitglieder und Helfenden unseres Vereins treffen sich am ersten Montag im Monat zur Vereinssitzung, um die Arbeit des Betriebsrates zu kontrollieren. An der Vereinssitzung werden die Helfer*innenschichten bei Events verteilt und auch Ausservereinliches besprochen.<\/p>\n<h2>Mitglieder und Helfer<\/h2>\n<p>Der Verein Kulturbiotop besteht aus rund 20 aktiven Mitgliedern und vielen weiteren Helfern und Sympathisanten. Zusammen f\u00fchren sie die Veranstaltungen im Mundwerk und an anderen Orten (z.B. Mundwerkbars am Openair Greifensee und \u00d6rlikerfest) durch.<\/p>\n<p>Aktive Vereinsmitglieder profitieren von reduzierten Preisen an der Bar und k\u00f6nnen alle Konzerte gratis besuchen. Wer nicht gleich Mitglied werden will, kann auch ganz unverbindlich als Helfer in unseren Betrieb \u201ereinschnuppern\u201c.<\/p>\n<p>Im Mundwerk zu helfen hat viele Vorteile, denn wer an einem Konzertabend aktiv mithilft, erh\u00e4lt neben einem spannenden Einblick hinter die Konzertkulissen gratis Getr\u00e4nke und ein veganes Abendessen. Ausserdem darf jeder Helfer am jeweiligen Abend eine Person auf die G\u00e4steliste setzen, die dann ebenfalls gratis Zutritt erh\u00e4lt.<\/p>\n<p>Alle Aktivmitglieder treffen sich einmal im Monat zur Helfersitzung. Hier werden die vergangenen Events besprochen und die anstehenden Konzerte und Veranstaltungen geplant. Mitglieder haben nat\u00fcrlich auch die M\u00f6glichkeit selbst Veranstaltung oder Konzerte zu planen oder Bands vorzuschlagen. Der Mitgliederbeitrag wird von der Generalversammlung festgelegt, er liegt momentan frei zwischen 40 und 60 CHF im Jahr.<\/p>\n<p><a href=\"http:\/\/mw-club.ch\/we-need-you\/\">Interessiert dich der Konzert- und Barbetrieb?<\/a><\/p>\n<p>Hast du Lust mal hinter der Bar, in der Technik, im Backstage, im Booking, an der Kasse oder im Flyerdesign mitzuarbeiten? Willst du auch von allen Vorteilen profitieren? Dann schreib uns am besten eine Mail an: i&#110;&#102;&#111;&#x40;&#x6b;&#x75;lt&#117;&#114;&#x62;&#x69;&#x6f;&#x74;op&#46;&#99;&#x68; oder sprich am n\u00e4chsten Konzert jemanden an der Bar an oder komm einfach an die n\u00e4chste Helfersitzung. W\u00e4hrend der Hauptsaison (September-Juni) findet die Helfersitzung an jedem vierten Montag im Monat ab 19:30 Uhr im Mundwerk statt.<\/p>\n<p>Die aktuellen Statuten findest du <a href=\"https:\/\/nas.kulturbiotop.ch:5001\/d\/s\/souJbjTbFWybauN3hlIAs5fkrUwHHfPs\/uqwjx_KADAFA6mRHPcXEoJc-3sdbdmy7-DrcA-QS4vgs\">hier<\/a>.<\/p>\n<h2>Vorstand und Funktion\u00e4re<\/h2>\n<p>Die Arbeit im Verein ist in verschiedene Ressorts gegliedert. Folgend die Ressort-Verantwortlichen:<\/p>\n\n\n<div class=\"wp-block-group\"><div class=\"wp-block-group__inner-container is-layout-flow wp-block-group-is-layout-flow\">\n<figure class=\"wp-block-table\"><table><tbody><tr><td>Helferplanung<\/td><td>Tamara Ochsner<\/td><\/tr><tr><td>Kassier:<\/td><td>Kevin Cina<\/td><\/tr><tr><td>Barchef\/Wirt:<\/td><td>Kay B\u00f6hringer<\/td><\/tr><tr><td>Technikchef:<\/td><td>Theo Tr\u00fcmpy<\/td><\/tr><\/tbody><\/table><\/figure>\n<\/div><\/div>\n\n\n\n<h3 class=\"wp-block-heading\">Funktion\u00e4re<\/h3>\n\n\n\n<div class=\"wp-block-columns is-layout-flex wp-container-core-columns-is-layout-9d6595d7 wp-block-columns-is-layout-flex\">\n<div class=\"wp-block-column is-layout-flow wp-block-column-is-layout-flow\" style=\"flex-basis:100%\">\n<div class=\"wp-block-group\"><div class=\"wp-block-group__inner-container is-layout-flow wp-block-group-is-layout-flow\">\n<figure class=\"wp-block-table\"><table><tbody><tr><td>Revision:       <\/td><td>Philipp Albrecht und Sven Stuckert<\/td><\/tr><tr><td>Booking: <\/td><td>vakant<\/td><\/tr><\/tbody><\/table><\/figure>\n<\/div><\/div>\n<\/div>\n<\/div>\n\n\n\n<p><\/p>\n","protected":false},"excerpt":{"rendered":"<p>Chum verbi! Jeden ersten Montag des Monates ab 19:30 ist offene Vereinsitzung! \u00dcber uns Der Verein Kulturbiotop ist der kleine L\u00f6wenzahn, der in der Betonw\u00fcste Z\u00fcrich-Nord bl\u00fcht. Wir planen und veranstalten Konzerte und Events im Mundwerk, dies komplett ehrenamtlich. Kleine bis mittelgrosse K\u00fcnstler treten bei [&hellip;]<\/p>\n","protected":false},"author":3,"featured_media":0,"parent":0,"menu_order":0,"comment_status":"closed","ping_status":"closed","template":"","meta":{"footnotes":""},"class_list":["post-573","page","type-page","status-publish","hentry"],"_links":{"self":[{"href":"https:\/\/mw-club.ch\/de_de\/wp-json\/wp\/v2\/pages\/573","targetHints":{"allow":["GET"]}}],"collection":[{"href":"https:\/\/mw-club.ch\/de_de\/wp-json\/wp\/v2\/pages"}],"about":[{"href":"https:\/\/mw-club.ch\/de_de\/wp-json\/wp\/v2\/types\/page"}],"author":[{"embeddable":true,"href":"https:\/\/mw-club.ch\/de_de\/wp-json\/wp\/v2\/users\/3"}],"replies":[{"embeddable":true,"href":"https:\/\/mw-club.ch\/de_de\/wp-json\/wp\/v2\/comments?post=573"}],"version-history":[{"count":151,"href":"https:\/\/mw-club.ch\/de_de\/wp-json\/wp\/v2\/pages\/573\/revisions"}],"predecessor-version":[{"id":2792,"href":"https:\/\/mw-club.ch\/de_de\/wp-json\/wp\/v2\/pages\/573\/revisions\/2792"}],"wp:attachment":[{"href":"https:\/\/mw-club.ch\/de_de\/wp-json\/wp\/v2\/media?parent=573"}],"curies":[{"name":"wp","href":"https:\/\/api.w.org\/{rel}","templated":true}]}}