{"id":41,"date":"2013-10-10T15:31:01","date_gmt":"2013-10-10T13:31:01","guid":{"rendered":"http:\/\/dev.lemu.ch\/mundwerk\/?page_id=41"},"modified":"2024-02-13T15:16:22","modified_gmt":"2024-02-13T13:16:22","slug":"verein","status":"publish","type":"page","link":"https:\/\/mw-club.ch\/de_de\/verein\/","title":{"rendered":"Club"},"content":{"rendered":"<h2>Sponsoren<\/h2>\n<p>Der Verein Kulturbiotop dankt folgenden Sponsoren ganz herzlich: <a href=\"http:\/\/www.contrik.ch\/de-ch\/produkte\/kabel\/\">Contrik<\/a>, <a href=\"http:\/\/www.stadt-zuerich.ch\/sd\/de\/index.html\">Sozialdepartement der Stadt Z\u00fcrich<\/a>, <a href=\"http:\/\/www.turbinenbraeu.ch\/\">Turbinenbr\u00e4u Z\u00fcrich<\/a>, <a href=\"http:\/\/www.kulturprozent.ch\/\">Migros Kulturprozent<\/a> und Dominik Baur.<br \/>\nUnsere Feier zum 10-jahre Jubil\u00e4um w\u00e4re ohne folgende Sponsoren nicht m\u00f6glich gewesen: Cassinelli Vogel Stiftung, Fachstelle Kultur des Kantons Z\u00fcrich und Migros Kulturprozent.<\/p>\n<h2>Bar<\/h2>\n<p>Unsere Barkarte ist <a title=\"Bar\" href=\"https:\/\/mw-club.ch\/de_de\/photo\/barkarte\/\">hier<\/a> zu finden.<\/p>\n<h2>Verein<\/h2>\n<p>Im Kulturbiotop Mundwerk spriesst eine kleine Pflanze aus der Betonw\u00fcste Z\u00fcrich-Nord.<\/p>\n<p>Der Verein Kulturbiotop bietet im Kulturlokal Mundwerk K\u00fcnstlern eine Plattform, sich auf einmalige Art und Weise zu pr\u00e4sentieren und G\u00e4sten eine g\u00fcnstige und abwechslungsreiche Ausgehm\u00f6glichkeit.<\/p>\n<p>Alles weitere zum Verein auf der <a title=\"Die Webseite des VKB\" href=\"http:\/\/www.kulturbiotop.ch\">Vereins-Webseite kulturbiotop.ch<\/a>.<\/p>\n","protected":false},"excerpt":{"rendered":"<p>Sponsoren Der Verein Kulturbiotop dankt folgenden Sponsoren ganz herzlich: Contrik, Sozialdepartement der Stadt Z\u00fcrich, Turbinenbr\u00e4u Z\u00fcrich, Migros Kulturprozent und Dominik Baur. Unsere Feier zum 10-jahre Jubil\u00e4um w\u00e4re ohne folgende Sponsoren nicht m\u00f6glich gewesen: Cassinelli Vogel Stiftung, Fachstelle Kultur des Kantons Z\u00fcrich und Migros Kulturprozent. Bar [&hellip;]<\/p>\n","protected":false},"author":2,"featured_media":0,"parent":0,"menu_order":0,"comment_status":"closed","ping_status":"closed","template":"","meta":{"footnotes":""},"class_list":["post-41","page","type-page","status-publish","hentry"],"_links":{"self":[{"href":"https:\/\/mw-club.ch\/de_de\/wp-json\/wp\/v2\/pages\/41","targetHints":{"allow":["GET"]}}],"collection":[{"href":"https:\/\/mw-club.ch\/de_de\/wp-json\/wp\/v2\/pages"}],"about":[{"href":"https:\/\/mw-club.ch\/de_de\/wp-json\/wp\/v2\/types\/page"}],"author":[{"embeddable":true,"href":"https:\/\/mw-club.ch\/de_de\/wp-json\/wp\/v2\/users\/2"}],"replies":[{"embeddable":true,"href":"https:\/\/mw-club.ch\/de_de\/wp-json\/wp\/v2\/comments?post=41"}],"version-history":[{"count":44,"href":"https:\/\/mw-club.ch\/de_de\/wp-json\/wp\/v2\/pages\/41\/revisions"}],"predecessor-version":[{"id":2671,"href":"https:\/\/mw-club.ch\/de_de\/wp-json\/wp\/v2\/pages\/41\/revisions\/2671"}],"wp:attachment":[{"href":"https:\/\/mw-club.ch\/de_de\/wp-json\/wp\/v2\/media?parent=41"}],"curies":[{"name":"wp","href":"https:\/\/api.w.org\/{rel}","templated":true}]}}