{"id":37,"date":"2013-10-10T15:26:57","date_gmt":"2013-10-10T13:26:57","guid":{"rendered":"http:\/\/dev.lemu.ch\/mundwerk\/?page_id=37"},"modified":"2023-09-09T17:55:25","modified_gmt":"2023-09-09T15:55:25","slug":"anreise","status":"publish","type":"page","link":"https:\/\/mw-club.ch\/de_de\/anreise\/","title":{"rendered":"Anreise"},"content":{"rendered":"<h2><span style=\"color: #00ccff;\">D\u00f6rflistrasse 76\u200e, 8050 Z\u00fcrich, Schweiz<\/span><\/h2>\n<p>Das Mundwerk ist in der N\u00e4he des Hallenstadions rechts von der Tankstelle neben der offenen Rennbahn.\u00a0Es ist mit den \u00d6V und dem Auto gut erreichbar. Wir haben keine eigenen Parkpl\u00e4tze. Es kann der grosse \u00f6ffentliche Parkplatz vor dem Theater 11 benutzt werden. (Der Parkplatz ist sehr teuer.)<\/p>\n<p>Mit den \u00d6V kann mit dem Zug bis Bahnhof Oerlikon gefahren werden. Von dort aus ist das Mundwerk in etwas mehr als zehn Minuten zu Fuss zu erreichen. Ansonsten kann auch mit dem Tram oder dem Bus bis &#8222;Z\u00fcrich, Sternen Oerlikon&#8220; gefahren werden. Anschliessend in Richtung Hallenstadion laufen. Beim grossen Parkplatz in Richtung der Tankstelle abbiegen. Gleich rechts von der Tankstelle ist der Club Mundwerk im Untergeschoss einer Baracke.<\/p>\n<p><iframe loading=\"lazy\" src=\"https:\/\/maps.google.com\/maps?f=q&amp;source=s_q&amp;hl=de&amp;geocode=&amp;q=d%C3%B6rflistrasse+76+z%C3%BCrich+oerlikon&amp;aq=&amp;sll=37.0625,-95.677068&amp;sspn=82.501206,106.787109&amp;ie=UTF8&amp;hq=&amp;hnear=D%C3%B6rflistrasse+76,+Kreis+11,+8050+Z%C3%BCrich,+Schweiz&amp;t=m&amp;z=14&amp;iwloc=A&amp;ll=47.408944,8.550586&amp;output=embed\" width=\"950\" height=\"550\" frameborder=\"0\" marginwidth=\"0\" marginheight=\"0\" scrolling=\"no\"><\/iframe><\/p>\n<h2><\/h2>\n","protected":false},"excerpt":{"rendered":"<p>D\u00f6rflistrasse 76\u200e, 8050 Z\u00fcrich, Schweiz Das Mundwerk ist in der N\u00e4he des Hallenstadions rechts von der Tankstelle neben der offenen Rennbahn.\u00a0Es ist mit den \u00d6V und dem Auto gut erreichbar. Wir haben keine eigenen Parkpl\u00e4tze. Es kann der grosse \u00f6ffentliche Parkplatz vor dem Theater 11 [&hellip;]<\/p>\n","protected":false},"author":2,"featured_media":0,"parent":0,"menu_order":0,"comment_status":"closed","ping_status":"closed","template":"","meta":{"footnotes":""},"class_list":["post-37","page","type-page","status-publish","hentry"],"_links":{"self":[{"href":"https:\/\/mw-club.ch\/de_de\/wp-json\/wp\/v2\/pages\/37","targetHints":{"allow":["GET"]}}],"collection":[{"href":"https:\/\/mw-club.ch\/de_de\/wp-json\/wp\/v2\/pages"}],"about":[{"href":"https:\/\/mw-club.ch\/de_de\/wp-json\/wp\/v2\/types\/page"}],"author":[{"embeddable":true,"href":"https:\/\/mw-club.ch\/de_de\/wp-json\/wp\/v2\/users\/2"}],"replies":[{"embeddable":true,"href":"https:\/\/mw-club.ch\/de_de\/wp-json\/wp\/v2\/comments?post=37"}],"version-history":[{"count":17,"href":"https:\/\/mw-club.ch\/de_de\/wp-json\/wp\/v2\/pages\/37\/revisions"}],"predecessor-version":[{"id":2610,"href":"https:\/\/mw-club.ch\/de_de\/wp-json\/wp\/v2\/pages\/37\/revisions\/2610"}],"wp:attachment":[{"href":"https:\/\/mw-club.ch\/de_de\/wp-json\/wp\/v2\/media?parent=37"}],"curies":[{"name":"wp","href":"https:\/\/api.w.org\/{rel}","templated":true}]}}