{"id":2084,"date":"2023-03-28T21:11:41","date_gmt":"2023-03-28T19:11:41","guid":{"rendered":"https:\/\/mw-club.ch\/?page_id=2084"},"modified":"2023-03-28T21:47:43","modified_gmt":"2023-03-28T19:47:43","slug":"we-need-you","status":"publish","type":"page","link":"https:\/\/mw-club.ch\/de_de\/we-need-you\/","title":{"rendered":"Wir brauchen dich!"},"content":{"rendered":"\n<p>Der Club Mundwerk ist ein Projekt von vielen tollen Leuten, die alle freiwillig und gratis bei uns helfen. Weil es f\u00fcr alle irgendwann Zeit ist, zu gehen, braucht es immer wieder neue motivierte Leute, die Spass an Musik (egal welche) haben und bereit sind, ein Teil ihrer Freizeit zu opfern, um richtig geile Events auf die Beine stellen zu k\u00f6nnen.<\/p>\n\n\n\n<p>Was hast du davon? Sicher 50 neue Freunde, gratis Verpflegung wenn du am Helfen bist, gratis an tolle Konzerte, ganz viele Karma-Punkte und einen riesigen Ego-Boost.<\/p>\n\n\n\n<p>Das Mundwerk ist \u00fcbrigens sehr vielf\u00e4ltig. Du kannst uns in folgenden Bereichen unterst\u00fctzen:<\/p>\n\n\n\n<ul class=\"wp-block-list\">\n<li>Cocktails mischen und Bier zapfen? Das ist der klassische <strong>Bar<\/strong>-Job.<\/li>\n\n\n\n<li>F\u00fcr die K\u00fcnstler kochen und mit diesen Bier trinken? Dann bist du geeignet zu&nbsp;<strong>Bandbetreuung<\/strong>.<\/li>\n\n\n\n<li>Bist du ein Zeichentalent oder eine Kreativit\u00e4ts-Bombe? Sehen unsere Flyer zu billig aus? Mach es besser und hilf uns beim Design von <strong>Flyern und Postern<\/strong>.<\/li>\n\n\n\n<li>Du bist der Smiley unter deinen Freunden? Wie w\u00e4r&#8217;s, wenn du f\u00fcr einige Stunden unsere G\u00e4ste an der Kasse begr\u00fcsst?<\/li>\n\n\n\n<li>Das Konzert klingt wieder mal beschissen und ist sowieso zu leise? Mach es besser und helfe im Bereich&nbsp;<strong>Ton<\/strong>.<\/li>\n\n\n\n<li>Viel Nebel? Wenig Nebel? Strobo oder nicht? Die M\u00f6glichkeiten der&nbsp;<strong>Licht<\/strong>-Gestaltung sind vielf\u00e4ltig!<\/li>\n\n\n\n<li><strong>Informatiker<\/strong> mit Leib und Seele? Hilf mit, dass die Webseite im Schuss bleibt, das Netzwerk sendet und die PCs funktionieren.<\/li>\n\n\n\n<li>Du liebst es, zu Networken? Dann bist du die Person, die unserem <strong>Sponsoring<\/strong>&nbsp;das Laufen beibringt!<\/li>\n<\/ul>\n\n\n\n<p>Bei uns ist praktisch alles m\u00f6glich und das Beste dabei ist, dass du ausser deiner Motivation nichts mitzubringen brauchst! Wenn das etwas f\u00fcr dich sein k\u00f6nnte, dann melde dich bei uns via info&#64;&#107;&#117;&#108;&#116;&#117;&#114;&#x62;&#x69;&#x6f;&#x74;&#x6f;&#x70;&#x2e;&#x63;&#x68;.[:en]Der Club Mundwerk ist ein Projekt von vielen tollen Leuten, die alle freiwillig und gratis bei uns helfen. Weil es f\u00fcr alle irgendwann Zeit ist, zu gehen, braucht es wieder neue motivierte Leute, die Spass an Musik (egal welche) haben und bereit sind, ein Teil ihrer Freizeit zu opfern, um richtig geile Events auf die Beine stellen zu k\u00f6nnen.<\/p>\n\n\n\n<p>Was hast du davon? Sicher 50 neue Facebook Freunde, gratis Verpflegung wenn du am Helfen bist, gratis an tolle Konzerte, ganz viele Karma-Punkte und einen riesigen Ego-Boost.<\/p>\n\n\n\n<p>Denn bei uns ist praktisch alles m\u00f6glich und das Beste dabei ist, dass du ausser deiner Motivation nichts mitzubringen brauchst! Wenn das etwas f\u00fcr dich sein k\u00f6nnte, dann melde dich bei Olaf via helfer&#64;kulturbiotop&#46;ch.<\/p>\n\n\n\n<p>Das Mundwerk ist \u00fcbrigens sehr vielf\u00e4ltig. Du kannst uns in folgenden Bereichen unterst\u00fctzen:<\/p>\n\n\n\n<ul class=\"wp-block-list\">\n<li>Cocktails mischen und Bier zapfen? Das ist der klassische <strong>Bar<\/strong>-Job.<\/li>\n\n\n\n<li>F\u00fcr die K\u00fcnstler kochen und mit diesen Bier trinken? Dann bist du geeignet zu&nbsp;<strong>Bandbetreuung<\/strong>.<\/li>\n\n\n\n<li>Bist du ein Zeichentalent oder eine Kreativit\u00e4ts-Bombe? Sehen unsere Flyer zu billig aus? Mach es besser und hilf uns beim Design von <strong>Flyern und Postern<\/strong>.<\/li>\n\n\n\n<li>Du bist der Smiley unter deinen Freunden? Wie w\u00e4r&#8217;s, wenn du f\u00fcr einige Stunden unsere G\u00e4ste an der&nbsp;<strong>Kasse<\/strong> begr\u00fcsst?<\/li>\n\n\n\n<li>Das Konzert klingt wieder mal beschissen und ist sowieso zu leise? Mach es besser und helfe im Bereich&nbsp;<strong>Ton<\/strong>.<\/li>\n\n\n\n<li>Viel Nebel? Wenig Nebel? Strobo oder nicht? Die M\u00f6glichkeiten der&nbsp;<strong>Licht<\/strong>-Gestaltung sind vielf\u00e4ltig!<\/li>\n\n\n\n<li><strong>Informatiker<\/strong> mit Leib und Seele? Hilf mit, dass die Webseite im Schuss bleibt, das Netzwerk sendet und die PCs funktionieren.<\/li>\n\n\n\n<li>Du liebst es, zu Networken? Dann bist du die Person, die unserem <strong>Sponsoring<\/strong>&nbsp;das Laufen beibringt!<\/li>\n<\/ul>\n\n\n\n<h2 class=\"wp-block-heading\"><a href=\"http:\/\/mundwerk.club\">mundwerk.club<\/a><\/h2>\n","protected":false},"excerpt":{"rendered":"<p>Der Club Mundwerk ist ein Projekt von vielen tollen Leuten, die alle freiwillig und gratis bei uns helfen. Weil es f\u00fcr alle irgendwann Zeit ist, zu gehen, braucht es immer wieder neue motivierte Leute, die Spass an Musik (egal welche) haben und bereit sind, ein [&hellip;]<\/p>\n","protected":false},"author":24,"featured_media":0,"parent":0,"menu_order":0,"comment_status":"closed","ping_status":"closed","template":"","meta":{"footnotes":""},"class_list":["post-2084","page","type-page","status-publish","hentry"],"_links":{"self":[{"href":"https:\/\/mw-club.ch\/de_de\/wp-json\/wp\/v2\/pages\/2084","targetHints":{"allow":["GET"]}}],"collection":[{"href":"https:\/\/mw-club.ch\/de_de\/wp-json\/wp\/v2\/pages"}],"about":[{"href":"https:\/\/mw-club.ch\/de_de\/wp-json\/wp\/v2\/types\/page"}],"author":[{"embeddable":true,"href":"https:\/\/mw-club.ch\/de_de\/wp-json\/wp\/v2\/users\/24"}],"replies":[{"embeddable":true,"href":"https:\/\/mw-club.ch\/de_de\/wp-json\/wp\/v2\/comments?post=2084"}],"version-history":[{"count":4,"href":"https:\/\/mw-club.ch\/de_de\/wp-json\/wp\/v2\/pages\/2084\/revisions"}],"predecessor-version":[{"id":2097,"href":"https:\/\/mw-club.ch\/de_de\/wp-json\/wp\/v2\/pages\/2084\/revisions\/2097"}],"wp:attachment":[{"href":"https:\/\/mw-club.ch\/de_de\/wp-json\/wp\/v2\/media?parent=2084"}],"curies":[{"name":"wp","href":"https:\/\/api.w.org\/{rel}","templated":true}]}}